{"id":6,"date":"2015-10-15T15:47:04","date_gmt":"2015-10-15T14:47:04","guid":{"rendered":"http:\/\/wp-base.eliappdrupal1.elisys-servers.ca\/fr\/?page_id=6"},"modified":"2017-10-16T13:12:26","modified_gmt":"2017-10-16T17:12:26","slug":"gerstat-inc-votre-solution-climatisation-ventilation-et-chauffage","status":"publish","type":"page","link":"https:\/\/gerstat.com\/fr\/","title":{"rendered":"Gerstat Inc., <span>votre solution <em>climatisation, ventilation et chauffage.<\/em><\/span>"},"content":{"rendered":"<p>Depuis 1989, Gerstat Inc. vous accompagne dans la conception, l&rsquo;installation et l&rsquo;entretien de vos syst\u00e8mes de climatisation, de ventilation et de chauffage.<\/p>\n<p>Sp\u00e9cialis\u00e9e dans les secteurs commerciaux et industriels, notre entreprise est reconnue pour la qualit\u00e9 de <a href=\"https:\/\/gerstat.com\/fr\/services\/\">ses services<\/a> et <a href=\"https:\/\/gerstat.com\/fr\/engagement\/\">son engagement<\/a> aupr\u00e8s de sa client\u00e8le.<\/p>\n<p>Vous b\u00e9n\u00e9ficiez de toute l&rsquo;expertise d&rsquo;une \u00e9quipe passionn\u00e9e, \u00e0 votre \u00e9coute, pour vous offrir un accompagnement personnalis\u00e9.<\/p>\n","protected":false},"excerpt":{"rendered":"<p>Depuis 1989, vous accompagne dans la conception, l&rsquo;installation et l&rsquo;entretien de vos syst\u00e8mes de climatisation, de ventilation et de chauffage. Sp\u00e9cialis\u00e9e dans les secteurs commerciaux et industriels, notre entreprise est reconnue pour la qualit\u00e9 de ses services et son engagement aupr\u00e8s de sa client\u00e8le. Vous b\u00e9n\u00e9ficiez de toute l&rsquo;expertise d&rsquo;une \u00e9quipe passionn\u00e9e, \u00e0 votre \u00e9coute, &hellip; <a href=\"https:\/\/gerstat.com\/fr\/\">Continued<\/a><\/p>\n","protected":false},"author":1,"featured_media":0,"parent":0,"menu_order":0,"comment_status":"closed","ping_status":"closed","template":"","meta":{"_acf_changed":false,"footnotes":""},"acf":[],"yoast_head":"<!-- This site is optimized with the Yoast SEO plugin v22.6 - https:\/\/yoast.com\/wordpress\/plugins\/seo\/ -->\n<title>Gerstat Inc. - Climatisation, ventilation, chauffage<\/title>\n<meta name=\"description\" content=\"Gerstat Inc. est \u00e0 votre service pour l\u2019installation et l\u2019entretien de votre climatisation, ventilation et chauffage. Consultez notre offre compl\u00e8te!\" \/>\n<meta name=\"robots\" content=\"index, follow, max-snippet:-1, max-image-preview:large, max-video-preview:-1\" \/>\n<meta property=\"og:locale\" content=\"fr_CA\" \/>\n<meta property=\"og:type\" content=\"article\" \/>\n<meta property=\"og:title\" content=\"Gerstat Inc. - Climatisation, ventilation, chauffage\" \/>\n<meta property=\"og:description\" content=\"Gerstat Inc. est \u00e0 votre service pour l\u2019installation et l\u2019entretien de votre climatisation, ventilation et chauffage. Consultez notre offre compl\u00e8te!\" \/>\n<meta property=\"og:url\" content=\"https:\/\/gerstat.com\/fr\/\" \/>\n<meta property=\"og:site_name\" content=\"Gerstat Inc.\" \/>\n<meta property=\"article:modified_time\" content=\"2017-10-16T17:12:26+00:00\" \/>\n<meta name=\"twitter:card\" content=\"summary_large_image\" \/>\n<script type=\"application\/ld+json\" class=\"yoast-schema-graph\">{\"@context\":\"https:\/\/schema.org\",\"@graph\":[{\"@type\":\"WebPage\",\"@id\":\"https:\/\/gerstat.com\/fr\/\",\"url\":\"https:\/\/gerstat.com\/fr\/\",\"name\":\"Gerstat Inc. - Climatisation, ventilation, chauffage\",\"isPartOf\":{\"@id\":\"https:\/\/gerstat.com\/fr\/#website\"},\"datePublished\":\"2015-10-15T14:47:04+00:00\",\"dateModified\":\"2017-10-16T17:12:26+00:00\",\"description\":\"Gerstat Inc. est \u00e0 votre service pour l\u2019installation et l\u2019entretien de votre climatisation, ventilation et chauffage. Consultez notre offre compl\u00e8te!\",\"breadcrumb\":{\"@id\":\"https:\/\/gerstat.com\/fr\/#breadcrumb\"},\"inLanguage\":\"fr-FR\",\"potentialAction\":[{\"@type\":\"ReadAction\",\"target\":[\"https:\/\/gerstat.com\/fr\/\"]}]},{\"@type\":\"BreadcrumbList\",\"@id\":\"https:\/\/gerstat.com\/fr\/#breadcrumb\",\"itemListElement\":[{\"@type\":\"ListItem\",\"position\":1,\"name\":\"Accueil\",\"item\":\"https:\/\/gerstat.com\/fr\/\"},{\"@type\":\"ListItem\",\"position\":2,\"name\":\"Gerstat Inc., votre solution climatisation, ventilation et chauffage.\"}]},{\"@type\":\"WebSite\",\"@id\":\"https:\/\/gerstat.com\/fr\/#website\",\"url\":\"https:\/\/gerstat.com\/fr\/\",\"name\":\"Gerstat Inc.\",\"description\":\"Gerstat Inc.\",\"potentialAction\":[{\"@type\":\"SearchAction\",\"target\":{\"@type\":\"EntryPoint\",\"urlTemplate\":\"https:\/\/gerstat.com\/fr\/?s={search_term_string}\"},\"query-input\":\"required name=search_term_string\"}],\"inLanguage\":\"fr-FR\"}]}<\/script>\n<!-- \/ Yoast SEO plugin. -->","yoast_head_json":{"title":"Gerstat Inc. - Climatisation, ventilation, chauffage","description":"Gerstat Inc. est \u00e0 votre service pour l\u2019installation et l\u2019entretien de votre climatisation, ventilation et chauffage. Consultez notre offre compl\u00e8te!","robots":{"index":"index","follow":"follow","max-snippet":"max-snippet:-1","max-image-preview":"max-image-preview:large","max-video-preview":"max-video-preview:-1"},"og_locale":"fr_CA","og_type":"article","og_title":"Gerstat Inc. - Climatisation, ventilation, chauffage","og_description":"Gerstat Inc. est \u00e0 votre service pour l\u2019installation et l\u2019entretien de votre climatisation, ventilation et chauffage. Consultez notre offre compl\u00e8te!","og_url":"https:\/\/gerstat.com\/fr\/","og_site_name":"Gerstat Inc.","article_modified_time":"2017-10-16T17:12:26+00:00","twitter_card":"summary_large_image","schema":{"@context":"https:\/\/schema.org","@graph":[{"@type":"WebPage","@id":"https:\/\/gerstat.com\/fr\/","url":"https:\/\/gerstat.com\/fr\/","name":"Gerstat Inc. - Climatisation, ventilation, chauffage","isPartOf":{"@id":"https:\/\/gerstat.com\/fr\/#website"},"datePublished":"2015-10-15T14:47:04+00:00","dateModified":"2017-10-16T17:12:26+00:00","description":"Gerstat Inc. est \u00e0 votre service pour l\u2019installation et l\u2019entretien de votre climatisation, ventilation et chauffage. Consultez notre offre compl\u00e8te!","breadcrumb":{"@id":"https:\/\/gerstat.com\/fr\/#breadcrumb"},"inLanguage":"fr-FR","potentialAction":[{"@type":"ReadAction","target":["https:\/\/gerstat.com\/fr\/"]}]},{"@type":"BreadcrumbList","@id":"https:\/\/gerstat.com\/fr\/#breadcrumb","itemListElement":[{"@type":"ListItem","position":1,"name":"Accueil","item":"https:\/\/gerstat.com\/fr\/"},{"@type":"ListItem","position":2,"name":"Gerstat Inc., votre solution climatisation, ventilation et chauffage."}]},{"@type":"WebSite","@id":"https:\/\/gerstat.com\/fr\/#website","url":"https:\/\/gerstat.com\/fr\/","name":"Gerstat Inc.","description":"Gerstat Inc.","potentialAction":[{"@type":"SearchAction","target":{"@type":"EntryPoint","urlTemplate":"https:\/\/gerstat.com\/fr\/?s={search_term_string}"},"query-input":"required name=search_term_string"}],"inLanguage":"fr-FR"}]}},"_links":{"self":[{"href":"https:\/\/gerstat.com\/fr\/wp-json\/wp\/v2\/pages\/6"}],"collection":[{"href":"https:\/\/gerstat.com\/fr\/wp-json\/wp\/v2\/pages"}],"about":[{"href":"https:\/\/gerstat.com\/fr\/wp-json\/wp\/v2\/types\/page"}],"author":[{"embeddable":true,"href":"https:\/\/gerstat.com\/fr\/wp-json\/wp\/v2\/users\/1"}],"replies":[{"embeddable":true,"href":"https:\/\/gerstat.com\/fr\/wp-json\/wp\/v2\/comments?post=6"}],"version-history":[{"count":1,"href":"https:\/\/gerstat.com\/fr\/wp-json\/wp\/v2\/pages\/6\/revisions"}],"predecessor-version":[{"id":5279,"href":"https:\/\/gerstat.com\/fr\/wp-json\/wp\/v2\/pages\/6\/revisions\/5279"}],"wp:attachment":[{"href":"https:\/\/gerstat.com\/fr\/wp-json\/wp\/v2\/media?parent=6"}],"curies":[{"name":"wp","href":"https:\/\/api.w.org\/{rel}","templated":true}]}}