{"id":5055,"date":"2017-05-17T16:26:34","date_gmt":"2017-05-17T20:26:34","guid":{"rendered":"http:\/\/wp-gerstat.eliappwordpress1sto.elisys-servers.ca\/fr\/?page_id=5055"},"modified":"2017-10-16T14:16:17","modified_gmt":"2017-10-16T18:16:17","slug":"appel-de-service","status":"publish","type":"page","link":"https:\/\/gerstat.com\/fr\/appel-de-service\/","title":{"rendered":"Vous \u00eates client de Gerstat Inc.? Placez votre appel de service."},"content":{"rendered":"<p>En tant que client de Gerstat Inc., vous avez la possibilit\u00e9 de nous contacter via le formulaire ci-dessous afin de placer un appel de service.<\/p>\n<p>Notre \u00e9quipe se tient \u00e0 votre disposition du lundi au vendredi, de 8 h \u00e0 17 h pour r\u00e9pondre \u00e0 vos demandes. Nous vous r\u00e9pondrons dans les meilleurs d\u00e9lais.<\/p>\n<p>Une urgence? Notre service d&rsquo;intervention vous d\u00e9panne <strong>7\/7 et 24\/24<\/strong>. Quel que soit votre probl\u00e8me, n&rsquo;h\u00e9sitez pas \u00e0 nous contacter au <a href=\"tel:+18884349955\"><span class=\"nobr\">1 888 434-9955<\/span><\/a>.<\/p>\n","protected":false},"excerpt":{"rendered":"<p>En tant que client de , vous avez la possibilit\u00e9 de nous contacter via le formulaire ci-dessous afin de placer un appel de service. Notre \u00e9quipe se tient \u00e0 votre disposition du lundi au vendredi, de 8 h \u00e0 17 h pour r\u00e9pondre \u00e0 vos demandes. Nous vous r\u00e9pondrons dans les meilleurs d\u00e9lais. Une urgence? &hellip; <a href=\"https:\/\/gerstat.com\/fr\/appel-de-service\/\">Continued<\/a><\/p>\n","protected":false},"author":1,"featured_media":5116,"parent":0,"menu_order":0,"comment_status":"closed","ping_status":"closed","template":"template-contact.php","meta":{"_acf_changed":false,"footnotes":""},"acf":[],"yoast_head":"<!-- This site is optimized with the Yoast SEO plugin v22.6 - https:\/\/yoast.com\/wordpress\/plugins\/seo\/ -->\n<title>Appel de service - Espace client - Gerstat Inc.<\/title>\n<meta name=\"description\" content=\"Client de Gerstat Inc., placez un appel de service via notre formulaire en ligne, nous vous r\u00e9pondrons dans les meilleurs d\u00e9lais.\" \/>\n<meta name=\"robots\" content=\"index, follow, max-snippet:-1, max-image-preview:large, max-video-preview:-1\" \/>\n<meta property=\"og:locale\" content=\"fr_CA\" \/>\n<meta property=\"og:type\" content=\"article\" \/>\n<meta property=\"og:title\" content=\"Appel de service - Espace client - Gerstat Inc.\" \/>\n<meta property=\"og:description\" content=\"Client de Gerstat Inc., placez un appel de service via notre formulaire en ligne, nous vous r\u00e9pondrons dans les meilleurs d\u00e9lais.\" \/>\n<meta property=\"og:url\" content=\"https:\/\/gerstat.com\/fr\/appel-de-service\/\" \/>\n<meta property=\"og:site_name\" content=\"Gerstat Inc.\" \/>\n<meta property=\"article:modified_time\" content=\"2017-10-16T18:16:17+00:00\" \/>\n<meta property=\"og:image\" content=\"https:\/\/gerstat.com\/wp-content\/uploads\/2017\/05\/rsz__dsc1887-1.jpg\" \/>\n\t<meta property=\"og:image:width\" content=\"1080\" \/>\n\t<meta property=\"og:image:height\" content=\"246\" \/>\n\t<meta property=\"og:image:type\" content=\"image\/jpeg\" \/>\n<meta name=\"twitter:card\" content=\"summary_large_image\" \/>\n<script type=\"application\/ld+json\" class=\"yoast-schema-graph\">{\"@context\":\"https:\/\/schema.org\",\"@graph\":[{\"@type\":\"WebPage\",\"@id\":\"https:\/\/gerstat.com\/fr\/appel-de-service\/\",\"url\":\"https:\/\/gerstat.com\/fr\/appel-de-service\/\",\"name\":\"Appel de service - Espace client - Gerstat Inc.\",\"isPartOf\":{\"@id\":\"https:\/\/gerstat.com\/fr\/#website\"},\"primaryImageOfPage\":{\"@id\":\"https:\/\/gerstat.com\/fr\/appel-de-service\/#primaryimage\"},\"image\":{\"@id\":\"https:\/\/gerstat.com\/fr\/appel-de-service\/#primaryimage\"},\"thumbnailUrl\":\"https:\/\/gerstat.com\/wp-content\/uploads\/2017\/05\/rsz__dsc1887-1.jpg\",\"datePublished\":\"2017-05-17T20:26:34+00:00\",\"dateModified\":\"2017-10-16T18:16:17+00:00\",\"description\":\"Client de Gerstat Inc., placez un appel de service via notre formulaire en ligne, nous vous r\u00e9pondrons dans les meilleurs d\u00e9lais.\",\"breadcrumb\":{\"@id\":\"https:\/\/gerstat.com\/fr\/appel-de-service\/#breadcrumb\"},\"inLanguage\":\"fr-FR\",\"potentialAction\":[{\"@type\":\"ReadAction\",\"target\":[\"https:\/\/gerstat.com\/fr\/appel-de-service\/\"]}]},{\"@type\":\"ImageObject\",\"inLanguage\":\"fr-FR\",\"@id\":\"https:\/\/gerstat.com\/fr\/appel-de-service\/#primaryimage\",\"url\":\"https:\/\/gerstat.com\/wp-content\/uploads\/2017\/05\/rsz__dsc1887-1.jpg\",\"contentUrl\":\"https:\/\/gerstat.com\/wp-content\/uploads\/2017\/05\/rsz__dsc1887-1.jpg\",\"width\":1080,\"height\":246},{\"@type\":\"BreadcrumbList\",\"@id\":\"https:\/\/gerstat.com\/fr\/appel-de-service\/#breadcrumb\",\"itemListElement\":[{\"@type\":\"ListItem\",\"position\":1,\"name\":\"Accueil\",\"item\":\"https:\/\/gerstat.com\/fr\/\"},{\"@type\":\"ListItem\",\"position\":2,\"name\":\"Vous \u00eates client de Gerstat Inc.? Placez votre appel de service.\"}]},{\"@type\":\"WebSite\",\"@id\":\"https:\/\/gerstat.com\/fr\/#website\",\"url\":\"https:\/\/gerstat.com\/fr\/\",\"name\":\"Gerstat Inc.\",\"description\":\"Gerstat Inc.\",\"potentialAction\":[{\"@type\":\"SearchAction\",\"target\":{\"@type\":\"EntryPoint\",\"urlTemplate\":\"https:\/\/gerstat.com\/fr\/?s={search_term_string}\"},\"query-input\":\"required name=search_term_string\"}],\"inLanguage\":\"fr-FR\"}]}<\/script>\n<!-- \/ Yoast SEO plugin. -->","yoast_head_json":{"title":"Appel de service - Espace client - Gerstat Inc.","description":"Client de Gerstat Inc., placez un appel de service via notre formulaire en ligne, nous vous r\u00e9pondrons dans les meilleurs d\u00e9lais.","robots":{"index":"index","follow":"follow","max-snippet":"max-snippet:-1","max-image-preview":"max-image-preview:large","max-video-preview":"max-video-preview:-1"},"og_locale":"fr_CA","og_type":"article","og_title":"Appel de service - Espace client - Gerstat Inc.","og_description":"Client de Gerstat Inc., placez un appel de service via notre formulaire en ligne, nous vous r\u00e9pondrons dans les meilleurs d\u00e9lais.","og_url":"https:\/\/gerstat.com\/fr\/appel-de-service\/","og_site_name":"Gerstat Inc.","article_modified_time":"2017-10-16T18:16:17+00:00","og_image":[{"width":1080,"height":246,"url":"https:\/\/gerstat.com\/wp-content\/uploads\/2017\/05\/rsz__dsc1887-1.jpg","type":"image\/jpeg"}],"twitter_card":"summary_large_image","schema":{"@context":"https:\/\/schema.org","@graph":[{"@type":"WebPage","@id":"https:\/\/gerstat.com\/fr\/appel-de-service\/","url":"https:\/\/gerstat.com\/fr\/appel-de-service\/","name":"Appel de service - Espace client - Gerstat Inc.","isPartOf":{"@id":"https:\/\/gerstat.com\/fr\/#website"},"primaryImageOfPage":{"@id":"https:\/\/gerstat.com\/fr\/appel-de-service\/#primaryimage"},"image":{"@id":"https:\/\/gerstat.com\/fr\/appel-de-service\/#primaryimage"},"thumbnailUrl":"https:\/\/gerstat.com\/wp-content\/uploads\/2017\/05\/rsz__dsc1887-1.jpg","datePublished":"2017-05-17T20:26:34+00:00","dateModified":"2017-10-16T18:16:17+00:00","description":"Client de Gerstat Inc., placez un appel de service via notre formulaire en ligne, nous vous r\u00e9pondrons dans les meilleurs d\u00e9lais.","breadcrumb":{"@id":"https:\/\/gerstat.com\/fr\/appel-de-service\/#breadcrumb"},"inLanguage":"fr-FR","potentialAction":[{"@type":"ReadAction","target":["https:\/\/gerstat.com\/fr\/appel-de-service\/"]}]},{"@type":"ImageObject","inLanguage":"fr-FR","@id":"https:\/\/gerstat.com\/fr\/appel-de-service\/#primaryimage","url":"https:\/\/gerstat.com\/wp-content\/uploads\/2017\/05\/rsz__dsc1887-1.jpg","contentUrl":"https:\/\/gerstat.com\/wp-content\/uploads\/2017\/05\/rsz__dsc1887-1.jpg","width":1080,"height":246},{"@type":"BreadcrumbList","@id":"https:\/\/gerstat.com\/fr\/appel-de-service\/#breadcrumb","itemListElement":[{"@type":"ListItem","position":1,"name":"Accueil","item":"https:\/\/gerstat.com\/fr\/"},{"@type":"ListItem","position":2,"name":"Vous \u00eates client de Gerstat Inc.? Placez votre appel de service."}]},{"@type":"WebSite","@id":"https:\/\/gerstat.com\/fr\/#website","url":"https:\/\/gerstat.com\/fr\/","name":"Gerstat Inc.","description":"Gerstat Inc.","potentialAction":[{"@type":"SearchAction","target":{"@type":"EntryPoint","urlTemplate":"https:\/\/gerstat.com\/fr\/?s={search_term_string}"},"query-input":"required name=search_term_string"}],"inLanguage":"fr-FR"}]}},"_links":{"self":[{"href":"https:\/\/gerstat.com\/fr\/wp-json\/wp\/v2\/pages\/5055"}],"collection":[{"href":"https:\/\/gerstat.com\/fr\/wp-json\/wp\/v2\/pages"}],"about":[{"href":"https:\/\/gerstat.com\/fr\/wp-json\/wp\/v2\/types\/page"}],"author":[{"embeddable":true,"href":"https:\/\/gerstat.com\/fr\/wp-json\/wp\/v2\/users\/1"}],"replies":[{"embeddable":true,"href":"https:\/\/gerstat.com\/fr\/wp-json\/wp\/v2\/comments?post=5055"}],"version-history":[{"count":0,"href":"https:\/\/gerstat.com\/fr\/wp-json\/wp\/v2\/pages\/5055\/revisions"}],"wp:featuredmedia":[{"embeddable":true,"href":"https:\/\/gerstat.com\/fr\/wp-json\/wp\/v2\/media\/5116"}],"wp:attachment":[{"href":"https:\/\/gerstat.com\/fr\/wp-json\/wp\/v2\/media?parent=5055"}],"curies":[{"name":"wp","href":"https:\/\/api.w.org\/{rel}","templated":true}]}}