{"id":5036,"date":"2017-05-15T08:40:30","date_gmt":"2017-05-15T12:40:30","guid":{"rendered":"http:\/\/wp-gerstat.eliappwordpress1sto.elisys-servers.ca\/fr\/?page_id=5036"},"modified":"2017-07-11T11:53:55","modified_gmt":"2017-07-11T15:53:55","slug":"services","status":"publish","type":"page","link":"https:\/\/gerstat.com\/fr\/services\/","title":{"rendered":"Tous nos services au meilleur prix"},"content":{"rendered":"<p>Gerstat Inc. vous offre une gamme compl\u00e8te de services pour le confort de vos locaux, de la conception \u00e0 l&rsquo;entretien en passant par l&rsquo;installation et la r\u00e9paration de vos diff\u00e9rents syst\u00e8mes de climatisation, de ventilation et de chauffage.<\/p>\n<p>Une \u00e9quipe d\u00e9vou\u00e9e vous conseille et vous apporte son expertise \u00e0 chaque \u00e9tape de votre projet afin d&rsquo;adopter la meilleure solution correspondant \u00e0 vos besoins et ce, au meilleur prix.<\/p>\n<p>Nous offrons \u00e9galement un <strong>service d&rsquo;intervention rapide<\/strong> en cas d&rsquo;urgence tous les jours et \u00e0 toute heure. Appelez-nous au <a href=\"tel:+18884349955\"><span class=\"nobr\">1 888 434-9955<\/span><\/a>.<\/p>\n","protected":false},"excerpt":{"rendered":"<p>vous offre une gamme compl\u00e8te de services pour le confort de vos locaux, de la conception \u00e0 l&rsquo;entretien en passant par l&rsquo;installation et la r\u00e9paration de vos diff\u00e9rents syst\u00e8mes de climatisation, de ventilation et de chauffage. Une \u00e9quipe d\u00e9vou\u00e9e vous conseille et vous apporte son expertise \u00e0 chaque \u00e9tape de votre projet afin d&rsquo;adopter la &hellip; <a href=\"https:\/\/gerstat.com\/fr\/services\/\">Continued<\/a><\/p>\n","protected":false},"author":1,"featured_media":0,"parent":0,"menu_order":0,"comment_status":"closed","ping_status":"closed","template":"template-services.php","meta":{"_acf_changed":false,"footnotes":""},"acf":[],"yoast_head":"<!-- This site is optimized with the Yoast SEO plugin v22.6 - https:\/\/yoast.com\/wordpress\/plugins\/seo\/ -->\n<title>Nos services - Conception, installation et entretien - Gerstat Inc.<\/title>\n<meta name=\"description\" content=\"Gerstat Inc. offre une gamme vari\u00e9e de services de qualit\u00e9 au meilleur prix. Conception, installation et entretien, b\u00e9n\u00e9ficiez de notre accompagnement personnalis\u00e9!\" \/>\n<meta name=\"robots\" content=\"index, follow, max-snippet:-1, max-image-preview:large, max-video-preview:-1\" \/>\n<meta property=\"og:locale\" content=\"fr_CA\" \/>\n<meta property=\"og:type\" content=\"article\" \/>\n<meta property=\"og:title\" content=\"Nos services - Conception, installation et entretien - Gerstat Inc.\" \/>\n<meta property=\"og:description\" content=\"Gerstat Inc. offre une gamme vari\u00e9e de services de qualit\u00e9 au meilleur prix. Conception, installation et entretien, b\u00e9n\u00e9ficiez de notre accompagnement personnalis\u00e9!\" \/>\n<meta property=\"og:url\" content=\"https:\/\/gerstat.com\/fr\/services\/\" \/>\n<meta property=\"og:site_name\" content=\"Gerstat Inc.\" \/>\n<meta property=\"article:modified_time\" content=\"2017-07-11T15:53:55+00:00\" \/>\n<meta name=\"twitter:card\" content=\"summary_large_image\" \/>\n<meta name=\"twitter:label1\" content=\"Est. reading time\" \/>\n\t<meta name=\"twitter:data1\" content=\"1 minute\" \/>\n<script type=\"application\/ld+json\" class=\"yoast-schema-graph\">{\"@context\":\"https:\/\/schema.org\",\"@graph\":[{\"@type\":\"WebPage\",\"@id\":\"https:\/\/gerstat.com\/fr\/services\/\",\"url\":\"https:\/\/gerstat.com\/fr\/services\/\",\"name\":\"Nos services - Conception, installation et entretien - Gerstat Inc.\",\"isPartOf\":{\"@id\":\"https:\/\/gerstat.com\/fr\/#website\"},\"datePublished\":\"2017-05-15T12:40:30+00:00\",\"dateModified\":\"2017-07-11T15:53:55+00:00\",\"description\":\"Gerstat Inc. offre une gamme vari\u00e9e de services de qualit\u00e9 au meilleur prix. Conception, installation et entretien, b\u00e9n\u00e9ficiez de notre accompagnement personnalis\u00e9!\",\"breadcrumb\":{\"@id\":\"https:\/\/gerstat.com\/fr\/services\/#breadcrumb\"},\"inLanguage\":\"fr-FR\",\"potentialAction\":[{\"@type\":\"ReadAction\",\"target\":[\"https:\/\/gerstat.com\/fr\/services\/\"]}]},{\"@type\":\"BreadcrumbList\",\"@id\":\"https:\/\/gerstat.com\/fr\/services\/#breadcrumb\",\"itemListElement\":[{\"@type\":\"ListItem\",\"position\":1,\"name\":\"Accueil\",\"item\":\"https:\/\/gerstat.com\/fr\/\"},{\"@type\":\"ListItem\",\"position\":2,\"name\":\"Tous nos services au meilleur prix\"}]},{\"@type\":\"WebSite\",\"@id\":\"https:\/\/gerstat.com\/fr\/#website\",\"url\":\"https:\/\/gerstat.com\/fr\/\",\"name\":\"Gerstat Inc.\",\"description\":\"Gerstat Inc.\",\"potentialAction\":[{\"@type\":\"SearchAction\",\"target\":{\"@type\":\"EntryPoint\",\"urlTemplate\":\"https:\/\/gerstat.com\/fr\/?s={search_term_string}\"},\"query-input\":\"required name=search_term_string\"}],\"inLanguage\":\"fr-FR\"}]}<\/script>\n<!-- \/ Yoast SEO plugin. -->","yoast_head_json":{"title":"Nos services - Conception, installation et entretien - Gerstat Inc.","description":"Gerstat Inc. offre une gamme vari\u00e9e de services de qualit\u00e9 au meilleur prix. Conception, installation et entretien, b\u00e9n\u00e9ficiez de notre accompagnement personnalis\u00e9!","robots":{"index":"index","follow":"follow","max-snippet":"max-snippet:-1","max-image-preview":"max-image-preview:large","max-video-preview":"max-video-preview:-1"},"og_locale":"fr_CA","og_type":"article","og_title":"Nos services - Conception, installation et entretien - Gerstat Inc.","og_description":"Gerstat Inc. offre une gamme vari\u00e9e de services de qualit\u00e9 au meilleur prix. Conception, installation et entretien, b\u00e9n\u00e9ficiez de notre accompagnement personnalis\u00e9!","og_url":"https:\/\/gerstat.com\/fr\/services\/","og_site_name":"Gerstat Inc.","article_modified_time":"2017-07-11T15:53:55+00:00","twitter_card":"summary_large_image","twitter_misc":{"Est. reading time":"1 minute"},"schema":{"@context":"https:\/\/schema.org","@graph":[{"@type":"WebPage","@id":"https:\/\/gerstat.com\/fr\/services\/","url":"https:\/\/gerstat.com\/fr\/services\/","name":"Nos services - Conception, installation et entretien - Gerstat Inc.","isPartOf":{"@id":"https:\/\/gerstat.com\/fr\/#website"},"datePublished":"2017-05-15T12:40:30+00:00","dateModified":"2017-07-11T15:53:55+00:00","description":"Gerstat Inc. offre une gamme vari\u00e9e de services de qualit\u00e9 au meilleur prix. Conception, installation et entretien, b\u00e9n\u00e9ficiez de notre accompagnement personnalis\u00e9!","breadcrumb":{"@id":"https:\/\/gerstat.com\/fr\/services\/#breadcrumb"},"inLanguage":"fr-FR","potentialAction":[{"@type":"ReadAction","target":["https:\/\/gerstat.com\/fr\/services\/"]}]},{"@type":"BreadcrumbList","@id":"https:\/\/gerstat.com\/fr\/services\/#breadcrumb","itemListElement":[{"@type":"ListItem","position":1,"name":"Accueil","item":"https:\/\/gerstat.com\/fr\/"},{"@type":"ListItem","position":2,"name":"Tous nos services au meilleur prix"}]},{"@type":"WebSite","@id":"https:\/\/gerstat.com\/fr\/#website","url":"https:\/\/gerstat.com\/fr\/","name":"Gerstat Inc.","description":"Gerstat Inc.","potentialAction":[{"@type":"SearchAction","target":{"@type":"EntryPoint","urlTemplate":"https:\/\/gerstat.com\/fr\/?s={search_term_string}"},"query-input":"required name=search_term_string"}],"inLanguage":"fr-FR"}]}},"_links":{"self":[{"href":"https:\/\/gerstat.com\/fr\/wp-json\/wp\/v2\/pages\/5036"}],"collection":[{"href":"https:\/\/gerstat.com\/fr\/wp-json\/wp\/v2\/pages"}],"about":[{"href":"https:\/\/gerstat.com\/fr\/wp-json\/wp\/v2\/types\/page"}],"author":[{"embeddable":true,"href":"https:\/\/gerstat.com\/fr\/wp-json\/wp\/v2\/users\/1"}],"replies":[{"embeddable":true,"href":"https:\/\/gerstat.com\/fr\/wp-json\/wp\/v2\/comments?post=5036"}],"version-history":[{"count":1,"href":"https:\/\/gerstat.com\/fr\/wp-json\/wp\/v2\/pages\/5036\/revisions"}],"predecessor-version":[{"id":5277,"href":"https:\/\/gerstat.com\/fr\/wp-json\/wp\/v2\/pages\/5036\/revisions\/5277"}],"wp:attachment":[{"href":"https:\/\/gerstat.com\/fr\/wp-json\/wp\/v2\/media?parent=5036"}],"curies":[{"name":"wp","href":"https:\/\/api.w.org\/{rel}","templated":true}]}}