{"id":4402,"date":"2016-01-26T15:19:45","date_gmt":"2016-01-26T20:19:45","guid":{"rendered":"http:\/\/wp-master.eliappdrupal1.elisys-servers.ca\/fr\/?page_id=4402"},"modified":"2019-12-03T10:10:37","modified_gmt":"2019-12-03T15:10:37","slug":"nous-joindre","status":"publish","type":"page","link":"https:\/\/gerstat.com\/fr\/nous-joindre\/","title":{"rendered":"Contactez notre \u00e9quipe"},"content":{"rendered":"<p>Gerstat Inc. est sp\u00e9cialis\u00e9 dans la conception, l&rsquo;installation et l&rsquo;entretien des syst\u00e8mes de climatisation, chauffage et ventilation aupr\u00e8s de ses clients, entreprises du secteur industriel ou commercial, institutions ou gestionnaires d&rsquo;immeubles.<\/p>\n<p>Notre secteur d&rsquo;activit\u00e9 s&rsquo;\u00e9tend au travers le Canada.<\/p>\n<p>Pour toute question ou toute information sur notre offre de services, n&rsquo;h\u00e9sitez pas \u00e0 nous contacter par t\u00e9l\u00e9phone au <a href=\"tel:+18884349955\"><span class=\"nobr\">1 888 434-9955<\/span><\/a> ou par courriel \u00e0 l&rsquo;aide du formulaire ci-dessous.<\/p>\n<p>Notre \u00e9quipe se fera un plaisir de vous aider.<\/p>\n","protected":false},"excerpt":{"rendered":"<p>est sp\u00e9cialis\u00e9 dans la conception, l&rsquo;installation et l&rsquo;entretien des syst\u00e8mes de climatisation, chauffage et ventilation aupr\u00e8s de ses clients, entreprises du secteur industriel ou commercial, institutions ou gestionnaires d&rsquo;immeubles. Notre secteur d&rsquo;activit\u00e9 s&rsquo;\u00e9tend au travers le Canada. Pour toute question ou toute information sur notre offre de services, n&rsquo;h\u00e9sitez pas \u00e0 nous contacter par t\u00e9l\u00e9phone &hellip; <a href=\"https:\/\/gerstat.com\/fr\/nous-joindre\/\">Continued<\/a><\/p>\n","protected":false},"author":1,"featured_media":5194,"parent":0,"menu_order":0,"comment_status":"closed","ping_status":"closed","template":"template-contact.php","meta":{"_acf_changed":false,"footnotes":""},"acf":[],"yoast_head":"<!-- This site is optimized with the Yoast SEO plugin v22.6 - https:\/\/yoast.com\/wordpress\/plugins\/seo\/ -->\n<title>Nous joindre - Gerstat Inc.<\/title>\n<meta name=\"description\" content=\"Gerstat Inc. intervient aupr\u00e8s des ses clients dans les secteurs de Montr\u00e9al, Qu\u00e9bec, la Beauce et Trois-Rivi\u00e8res. Contactez-nous pour plus d\u2019informations!\" \/>\n<meta name=\"robots\" content=\"index, follow, max-snippet:-1, max-image-preview:large, max-video-preview:-1\" \/>\n<meta property=\"og:locale\" content=\"fr_CA\" \/>\n<meta property=\"og:type\" content=\"article\" \/>\n<meta property=\"og:title\" content=\"Nous joindre - Gerstat Inc.\" \/>\n<meta property=\"og:description\" content=\"Gerstat Inc. intervient aupr\u00e8s des ses clients dans les secteurs de Montr\u00e9al, Qu\u00e9bec, la Beauce et Trois-Rivi\u00e8res. Contactez-nous pour plus d\u2019informations!\" \/>\n<meta property=\"og:url\" content=\"https:\/\/gerstat.com\/fr\/nous-joindre\/\" \/>\n<meta property=\"og:site_name\" content=\"Gerstat Inc.\" \/>\n<meta property=\"article:modified_time\" content=\"2019-12-03T15:10:37+00:00\" \/>\n<meta property=\"og:image\" content=\"https:\/\/gerstat.com\/wp-content\/uploads\/2016\/01\/telephone-gerstat.jpg\" \/>\n\t<meta property=\"og:image:width\" content=\"1080\" \/>\n\t<meta property=\"og:image:height\" content=\"202\" \/>\n\t<meta property=\"og:image:type\" content=\"image\/jpeg\" \/>\n<meta name=\"twitter:card\" content=\"summary_large_image\" \/>\n<script type=\"application\/ld+json\" class=\"yoast-schema-graph\">{\"@context\":\"https:\/\/schema.org\",\"@graph\":[{\"@type\":\"WebPage\",\"@id\":\"https:\/\/gerstat.com\/fr\/nous-joindre\/\",\"url\":\"https:\/\/gerstat.com\/fr\/nous-joindre\/\",\"name\":\"Nous joindre - Gerstat Inc.\",\"isPartOf\":{\"@id\":\"https:\/\/gerstat.com\/fr\/#website\"},\"primaryImageOfPage\":{\"@id\":\"https:\/\/gerstat.com\/fr\/nous-joindre\/#primaryimage\"},\"image\":{\"@id\":\"https:\/\/gerstat.com\/fr\/nous-joindre\/#primaryimage\"},\"thumbnailUrl\":\"https:\/\/gerstat.com\/wp-content\/uploads\/2016\/01\/telephone-gerstat.jpg\",\"datePublished\":\"2016-01-26T20:19:45+00:00\",\"dateModified\":\"2019-12-03T15:10:37+00:00\",\"description\":\"Gerstat Inc. intervient aupr\u00e8s des ses clients dans les secteurs de Montr\u00e9al, Qu\u00e9bec, la Beauce et Trois-Rivi\u00e8res. Contactez-nous pour plus d\u2019informations!\",\"breadcrumb\":{\"@id\":\"https:\/\/gerstat.com\/fr\/nous-joindre\/#breadcrumb\"},\"inLanguage\":\"fr-FR\",\"potentialAction\":[{\"@type\":\"ReadAction\",\"target\":[\"https:\/\/gerstat.com\/fr\/nous-joindre\/\"]}]},{\"@type\":\"ImageObject\",\"inLanguage\":\"fr-FR\",\"@id\":\"https:\/\/gerstat.com\/fr\/nous-joindre\/#primaryimage\",\"url\":\"https:\/\/gerstat.com\/wp-content\/uploads\/2016\/01\/telephone-gerstat.jpg\",\"contentUrl\":\"https:\/\/gerstat.com\/wp-content\/uploads\/2016\/01\/telephone-gerstat.jpg\",\"width\":1080,\"height\":202},{\"@type\":\"BreadcrumbList\",\"@id\":\"https:\/\/gerstat.com\/fr\/nous-joindre\/#breadcrumb\",\"itemListElement\":[{\"@type\":\"ListItem\",\"position\":1,\"name\":\"Accueil\",\"item\":\"https:\/\/gerstat.com\/fr\/\"},{\"@type\":\"ListItem\",\"position\":2,\"name\":\"Contactez notre \u00e9quipe\"}]},{\"@type\":\"WebSite\",\"@id\":\"https:\/\/gerstat.com\/fr\/#website\",\"url\":\"https:\/\/gerstat.com\/fr\/\",\"name\":\"Gerstat Inc.\",\"description\":\"Gerstat Inc.\",\"potentialAction\":[{\"@type\":\"SearchAction\",\"target\":{\"@type\":\"EntryPoint\",\"urlTemplate\":\"https:\/\/gerstat.com\/fr\/?s={search_term_string}\"},\"query-input\":\"required name=search_term_string\"}],\"inLanguage\":\"fr-FR\"}]}<\/script>\n<!-- \/ Yoast SEO plugin. -->","yoast_head_json":{"title":"Nous joindre - Gerstat Inc.","description":"Gerstat Inc. intervient aupr\u00e8s des ses clients dans les secteurs de Montr\u00e9al, Qu\u00e9bec, la Beauce et Trois-Rivi\u00e8res. Contactez-nous pour plus d\u2019informations!","robots":{"index":"index","follow":"follow","max-snippet":"max-snippet:-1","max-image-preview":"max-image-preview:large","max-video-preview":"max-video-preview:-1"},"og_locale":"fr_CA","og_type":"article","og_title":"Nous joindre - Gerstat Inc.","og_description":"Gerstat Inc. intervient aupr\u00e8s des ses clients dans les secteurs de Montr\u00e9al, Qu\u00e9bec, la Beauce et Trois-Rivi\u00e8res. Contactez-nous pour plus d\u2019informations!","og_url":"https:\/\/gerstat.com\/fr\/nous-joindre\/","og_site_name":"Gerstat Inc.","article_modified_time":"2019-12-03T15:10:37+00:00","og_image":[{"width":1080,"height":202,"url":"https:\/\/gerstat.com\/wp-content\/uploads\/2016\/01\/telephone-gerstat.jpg","type":"image\/jpeg"}],"twitter_card":"summary_large_image","schema":{"@context":"https:\/\/schema.org","@graph":[{"@type":"WebPage","@id":"https:\/\/gerstat.com\/fr\/nous-joindre\/","url":"https:\/\/gerstat.com\/fr\/nous-joindre\/","name":"Nous joindre - Gerstat Inc.","isPartOf":{"@id":"https:\/\/gerstat.com\/fr\/#website"},"primaryImageOfPage":{"@id":"https:\/\/gerstat.com\/fr\/nous-joindre\/#primaryimage"},"image":{"@id":"https:\/\/gerstat.com\/fr\/nous-joindre\/#primaryimage"},"thumbnailUrl":"https:\/\/gerstat.com\/wp-content\/uploads\/2016\/01\/telephone-gerstat.jpg","datePublished":"2016-01-26T20:19:45+00:00","dateModified":"2019-12-03T15:10:37+00:00","description":"Gerstat Inc. intervient aupr\u00e8s des ses clients dans les secteurs de Montr\u00e9al, Qu\u00e9bec, la Beauce et Trois-Rivi\u00e8res. Contactez-nous pour plus d\u2019informations!","breadcrumb":{"@id":"https:\/\/gerstat.com\/fr\/nous-joindre\/#breadcrumb"},"inLanguage":"fr-FR","potentialAction":[{"@type":"ReadAction","target":["https:\/\/gerstat.com\/fr\/nous-joindre\/"]}]},{"@type":"ImageObject","inLanguage":"fr-FR","@id":"https:\/\/gerstat.com\/fr\/nous-joindre\/#primaryimage","url":"https:\/\/gerstat.com\/wp-content\/uploads\/2016\/01\/telephone-gerstat.jpg","contentUrl":"https:\/\/gerstat.com\/wp-content\/uploads\/2016\/01\/telephone-gerstat.jpg","width":1080,"height":202},{"@type":"BreadcrumbList","@id":"https:\/\/gerstat.com\/fr\/nous-joindre\/#breadcrumb","itemListElement":[{"@type":"ListItem","position":1,"name":"Accueil","item":"https:\/\/gerstat.com\/fr\/"},{"@type":"ListItem","position":2,"name":"Contactez notre \u00e9quipe"}]},{"@type":"WebSite","@id":"https:\/\/gerstat.com\/fr\/#website","url":"https:\/\/gerstat.com\/fr\/","name":"Gerstat Inc.","description":"Gerstat Inc.","potentialAction":[{"@type":"SearchAction","target":{"@type":"EntryPoint","urlTemplate":"https:\/\/gerstat.com\/fr\/?s={search_term_string}"},"query-input":"required name=search_term_string"}],"inLanguage":"fr-FR"}]}},"_links":{"self":[{"href":"https:\/\/gerstat.com\/fr\/wp-json\/wp\/v2\/pages\/4402"}],"collection":[{"href":"https:\/\/gerstat.com\/fr\/wp-json\/wp\/v2\/pages"}],"about":[{"href":"https:\/\/gerstat.com\/fr\/wp-json\/wp\/v2\/types\/page"}],"author":[{"embeddable":true,"href":"https:\/\/gerstat.com\/fr\/wp-json\/wp\/v2\/users\/1"}],"replies":[{"embeddable":true,"href":"https:\/\/gerstat.com\/fr\/wp-json\/wp\/v2\/comments?post=4402"}],"version-history":[{"count":3,"href":"https:\/\/gerstat.com\/fr\/wp-json\/wp\/v2\/pages\/4402\/revisions"}],"predecessor-version":[{"id":5261,"href":"https:\/\/gerstat.com\/fr\/wp-json\/wp\/v2\/pages\/4402\/revisions\/5261"}],"wp:featuredmedia":[{"embeddable":true,"href":"https:\/\/gerstat.com\/fr\/wp-json\/wp\/v2\/media\/5194"}],"wp:attachment":[{"href":"https:\/\/gerstat.com\/fr\/wp-json\/wp\/v2\/media?parent=4402"}],"curies":[{"name":"wp","href":"https:\/\/api.w.org\/{rel}","templated":true}]}}